{"id":12,"date":"2015-09-10T09:37:13","date_gmt":"2015-09-10T09:37:13","guid":{"rendered":"http:\/\/metacro.jezik.hr\/?page_id=12"},"modified":"2025-10-01T12:22:33","modified_gmt":"2025-10-01T12:22:33","slug":"istrazivacki-tim","status":"publish","type":"page","link":"https:\/\/metacro.jezik.hr\/en\/istrazivacki-tim\/","title":{"rendered":"Research team"},"content":{"rendered":"<div class=\"col-lg-3 col-sm-3 team-box\">\n<div class=\"team-member\">\n<div class=\"member-details\">\n<h5 class=\"dark-text red-border-bottom\"><strong>DR. SC. KRISTINA \u0160TRKALJ DESPOT<\/strong><\/h5>\n<div class=\"position\">Principal investigator<\/div>\n<\/div>\n<div class=\"social-icons\"><\/div>\n<\/div>\n<\/div>\n<div class=\"col-lg-3 col-sm-3 team-box\">\n<div class=\"team-member\">\n<div class=\"member-details\">\n<div class=\"member-details\">\n<div class=\"position\">prof. dr. Branimir Belaj, FF Osijek<\/div>\n<div class=\"position\">\n<p>prof. dr. Mario Brdar, FF Osijek<\/p>\n<p>prof. dr. Gordana Hr\u017eica, ERF Zagreb<\/p>\n<p>Andrea Ledi\u0107, Ministarstvo unutarnjih poslova RH<\/p>\n<p>prof. dr. Nikola Ljube\u0161i\u0107, Institut Jo\u017eef Stefan, Slovenija<\/p>\n<p>dr. sc. Ana Ostro\u0161ki Ani\u0107, IHJJ<\/p>\n<\/div>\n<\/div>\n<p>doc. dr. Benedikt Perak, FF Rijeka<\/p>\n<p>prof. dr. Anita Peti Stanti\u0107, FF Zagreb<\/p>\n<p>doc. dr. Martina Sekuli\u0107 Sovi\u0107, FF Zagreb<\/p>\n<p>prof. dr. Mateusz Milan Stanojevi\u0107, FF Zagreb<\/p>\n<p>doc. dr. Mirjana Tonkovi\u0107, FF Zagreb<\/p>\n<p>doc. dr. Ana Werkmann Horvat, FF Osijek<\/p>\n<p>dr. sc. Ivana Bra\u010d<\/p>\n<p>Lobel Filipi\u0107, mag.<\/p>\n<\/div>\n<\/div>\n<\/div>\n","protected":false},"excerpt":{"rendered":"<p>DR. SC. KRISTINA \u0160TRKALJ DESPOT Principal investigator prof. dr. Branimir Belaj, FF Osijek prof. dr. Mario Brdar, FF Osijek prof. dr. Gordana Hr\u017eica, ERF Zagreb Andrea Ledi\u0107, Ministarstvo unutarnjih poslova RH prof. dr. Nikola Ljube\u0161i\u0107, Institut Jo\u017eef Stefan, Slovenija dr. sc. Ana Ostro\u0161ki Ani\u0107, IHJJ doc. dr. Benedikt Perak, FF Rijeka prof. dr. Anita Peti<a href=\"https:\/\/metacro.jezik.hr\/en\/istrazivacki-tim\/\">[&#8230;]<\/a><\/p>\n","protected":false},"author":1,"featured_media":0,"parent":0,"menu_order":0,"comment_status":"closed","ping_status":"closed","template":"","meta":{"footnotes":""},"class_list":["post-12","page","type-page","status-publish","hentry"],"translation":{"provider":"WPGlobus","version":"3.0.0","language":"en","enabled_languages":["hr","en"],"languages":{"hr":{"title":true,"content":true,"excerpt":false},"en":{"title":true,"content":true,"excerpt":false}}},"_links":{"self":[{"href":"https:\/\/metacro.jezik.hr\/en\/wp-json\/wp\/v2\/pages\/12","targetHints":{"allow":["GET"]}}],"collection":[{"href":"https:\/\/metacro.jezik.hr\/en\/wp-json\/wp\/v2\/pages"}],"about":[{"href":"https:\/\/metacro.jezik.hr\/en\/wp-json\/wp\/v2\/types\/page"}],"author":[{"embeddable":true,"href":"https:\/\/metacro.jezik.hr\/en\/wp-json\/wp\/v2\/users\/1"}],"replies":[{"embeddable":true,"href":"https:\/\/metacro.jezik.hr\/en\/wp-json\/wp\/v2\/comments?post=12"}],"version-history":[{"count":13,"href":"https:\/\/metacro.jezik.hr\/en\/wp-json\/wp\/v2\/pages\/12\/revisions"}],"predecessor-version":[{"id":1283,"href":"https:\/\/metacro.jezik.hr\/en\/wp-json\/wp\/v2\/pages\/12\/revisions\/1283"}],"wp:attachment":[{"href":"https:\/\/metacro.jezik.hr\/en\/wp-json\/wp\/v2\/media?parent=12"}],"curies":[{"name":"wp","href":"https:\/\/api.w.org\/{rel}","templated":true}]}}