{"id":16,"date":"2015-09-10T09:37:32","date_gmt":"2015-09-10T09:37:32","guid":{"rendered":"http:\/\/metacro.jezik.hr\/?page_id=16"},"modified":"2025-10-02T11:11:55","modified_gmt":"2025-10-02T11:11:55","slug":"projektne-publikacije","status":"publish","type":"page","link":"https:\/\/metacro.jezik.hr\/en\/projektne-publikacije\/","title":{"rendered":"Project publications"},"content":{"rendered":"<p><strong>Books<\/strong><\/p>\n<ol>\n<li>Despot, Kristina \u0160trkalj. 2024.\u00a0<i><a href=\"http:\/\/knjige.ihjj.hr\/knjiga\/metafora-dekodiranje-jezika-imaginacije\/341\/\">Metafora: Dekodiranje jezika imaginacije<\/a>.\u00a0<\/i>Institut za hrvatski jezik. Zagreb.<\/li>\n<li>Despot, Kristina \u0160trkalj; Ostro\u0161ki Ani\u0107, Ana; Bra\u010d, Ivana (ur.). 2024.\u00a0<i><a href=\"https:\/\/euralex.jezik.hr\/wp-content\/uploads\/2021\/09\/Euralax-XXI-final-web.pdf\">Lexicography and Semantics. Proceedings of the XXI EURALEX International Congress<\/a>.\u00a0<\/i>Institut za hrvatski jezik. Zagreb.<\/li>\n<li>Mihaljevi\u0107, Milica; Hude\u010dek, Lana (ur.) 2024.\u00a0<i><a href=\"http:\/\/knjige.ihjj.hr\/knjiga\/rjecnik-jezikoslovnoga-nazivlja\/323\/\">Rje\u010dnik jezikoslovnoga nazivlja<\/a>.<\/i>\u00a0Institut za hrvatski jezik. Zagreb. Autori: Belaj, Branimir; Birti\u0107, Matea; Blagus Bartolec, Goranka; Bo\u0161njak Botica, Tomislava; Bra\u010d, Ivana; \u010cila\u0161 \u0160impraga, Ankica; Gule\u0161i\u0107 Machata, Milvija; Horvat, Marijana; Hude\u010dek, Lana; Iv\u0161i\u0107 Maji\u0107, Dubravka; Kova\u010devi\u0107, Barbara; Kramari\u0107, Martina; Lazi\u0107, Daria; Lewis, Kristian; Matijevi\u0107, Maja; Matas Ivankovi\u0107, Ivana; Matticchio, Isabella; Mihaljevi\u0107, Josip; Mihaljevi\u0107, Milan; Mihaljevi\u0107, Milica; Ostro\u0161ki Ani\u0107, Ana; Rodek, Snje\u017eana; Runjai\u0107, Sini\u0161a; \u0160trkalj Despot, Kristina; Udier, Sanda Lucija; Vidovi\u0107, Domagoj; Vuk\u0161a Nahod, Perina.<\/li>\n<\/ol>\n<p><strong>Papers:<\/strong><\/p>\n<ol>\n<li style=\"list-style-type: none;\">\n<ol>\n<li>2024. Werkmann Horvat, Ana; Despot, Kristina \u0160trkalj; Hr\u017eica, Gordana.\u00a0<a href=\"https:\/\/www.cambridge.org\/core\/journals\/language-and-cognition\/article\/early-acquisition-of-figurative-meanings-in-polysemous-nouns-and-verbs\/52CC3BB5CD488EEF31C6FB8AF7A457DB\">Early acquisition of figurative meanings in polysemous nouns and verbs<\/a>.\u00a0<i>Language and Cognition<\/i>. Published online 2024:1\u201326. doi:10.1017\/langcog.2024.46. Q1<\/li>\n<li>2024. Brdar, Mario; Brdar-Szab\u00f3, Rita; Despot, Kristina \u0160.\u00a0<a href=\"https:\/\/www.degruyter.com\/document\/doi\/10.1515\/9783110730999-007\/html?lang=en&amp;srsltid=AfmBOooOU6u-IBUoRILl-ubbXp1SZ6c5dbBEvv7NTFSx7l75UxPAWXWG\">Anger in Croatian: \u201cWrestling with anger in us\u201d<\/a>.\u00a0<i>Metaphors of ANGER across Languages: Universality and Variation: Volume 1: From Akan to Italian.<\/i>\u00a0Zoltan K\u00f6vecses, R\u00e9ka Benczes, Veronika Szelid (ur.). Berlin, Boston: De Gruyter Mouton. 253-312.\u00a0<a href=\"https:\/\/doi.org\/10.1515\/9783110730999-007\">https:\/\/doi.org\/10.1515\/9783110730999-007<\/a><\/li>\n<li>Bra\u010d I, Despot K\u0160, Belaj B (2025) Bleating, growling, barking, and spitting: Metaphorical extensions and valency patterns of verbs of speaking. PLoS One 20(6): e0325807. https:\/\/doi.org\/10.1371\/journal.pone.0325807<\/li>\n<\/ol>\n<\/li>\n<\/ol>\n","protected":false},"excerpt":{"rendered":"<p>Books Despot, Kristina \u0160trkalj. 2024.\u00a0Metafora: Dekodiranje jezika imaginacije.\u00a0Institut za hrvatski jezik. Zagreb. Despot, Kristina \u0160trkalj; Ostro\u0161ki Ani\u0107, Ana; Bra\u010d, Ivana (ur.). 2024.\u00a0Lexicography and Semantics. Proceedings of the XXI EURALEX International Congress.\u00a0Institut za hrvatski jezik. Zagreb. Mihaljevi\u0107, Milica; Hude\u010dek, Lana (ur.) 2024.\u00a0Rje\u010dnik jezikoslovnoga nazivlja.\u00a0Institut za hrvatski jezik. Zagreb. Autori: Belaj, Branimir; Birti\u0107, Matea; Blagus Bartolec, Goranka;<a href=\"https:\/\/metacro.jezik.hr\/en\/projektne-publikacije\/\">[&#8230;]<\/a><\/p>\n","protected":false},"author":1,"featured_media":0,"parent":0,"menu_order":0,"comment_status":"closed","ping_status":"closed","template":"","meta":{"footnotes":""},"class_list":["post-16","page","type-page","status-publish","hentry"],"translation":{"provider":"WPGlobus","version":"3.0.0","language":"en","enabled_languages":["hr","en"],"languages":{"hr":{"title":true,"content":true,"excerpt":false},"en":{"title":true,"content":true,"excerpt":false}}},"_links":{"self":[{"href":"https:\/\/metacro.jezik.hr\/en\/wp-json\/wp\/v2\/pages\/16","targetHints":{"allow":["GET"]}}],"collection":[{"href":"https:\/\/metacro.jezik.hr\/en\/wp-json\/wp\/v2\/pages"}],"about":[{"href":"https:\/\/metacro.jezik.hr\/en\/wp-json\/wp\/v2\/types\/page"}],"author":[{"embeddable":true,"href":"https:\/\/metacro.jezik.hr\/en\/wp-json\/wp\/v2\/users\/1"}],"replies":[{"embeddable":true,"href":"https:\/\/metacro.jezik.hr\/en\/wp-json\/wp\/v2\/comments?post=16"}],"version-history":[{"count":29,"href":"https:\/\/metacro.jezik.hr\/en\/wp-json\/wp\/v2\/pages\/16\/revisions"}],"predecessor-version":[{"id":1306,"href":"https:\/\/metacro.jezik.hr\/en\/wp-json\/wp\/v2\/pages\/16\/revisions\/1306"}],"wp:attachment":[{"href":"https:\/\/metacro.jezik.hr\/en\/wp-json\/wp\/v2\/media?parent=16"}],"curies":[{"name":"wp","href":"https:\/\/api.w.org\/{rel}","templated":true}]}}