{"id":30,"date":"2015-09-10T09:38:27","date_gmt":"2015-09-10T09:38:27","guid":{"rendered":"http:\/\/metacro.jezik.hr\/?page_id=30"},"modified":"2025-10-02T12:11:43","modified_gmt":"2025-10-02T12:11:43","slug":"izlaganja-na-konferencijama","status":"publish","type":"page","link":"https:\/\/metacro.jezik.hr\/en\/izlaganja-na-konferencijama\/","title":{"rendered":"Conference presentations"},"content":{"rendered":"\n<p>2025. Despot, Kristina \u0160.; Belaj, Branimir: Embodied Simulation and Figurative Thought in the Construction of Meaning. <em><a href=\"http:\/\/chrome-extension:\/\/efaidnbmnnnibpcajpcglclefindmkaj\/https:\/\/www.ffos.unios.hr\/wp-content\/uploads\/2025\/09\/Conference-Program-updated-17-Sept.pdf\" data-type=\"link\" data-id=\"chrome-extension:\/\/efaidnbmnnnibpcajpcglclefindmkaj\/https:\/\/www.ffos.unios.hr\/wp-content\/uploads\/2025\/09\/Conference-Program-updated-17-Sept.pdf\">Mario stands for \u2026 Mentor, Metonymy, Multimodality<\/a><\/em>. Osijek, Croatia.<\/p>\n\n\n\n<p>2025. Bra\u010d, Ivana; Despot, Kristina \u0160.; Belaj, Branimir: Interaction between metaphorical shifts in verbs\u2019 meaning and their valency patterns.\u00a0<em><a href=\"https:\/\/iclc17.com\/\" data-type=\"link\" data-id=\"https:\/\/iclc17.com\/\">The 17th International Cognitive Linguistics Conference \u2013 ICLC 17<\/a>.\u00a0<\/em>Buenos Aires, Argentina.<\/p>\n\n\n\n<p>2024. Bra\u010d, Ivana; Despot, Kristina \u0160.; Belaj, Branimir: \u00a0Bleating, growling, barking, and spitting. Exploring metaphorical extensions and valency patterns in verbs of speaking. <em>57th Annual Meeting of the Societas Linguistica Europaea \u2013 SLE 2024<\/em>. Helsinki, Finnland. <\/p>\n\n\n\n<p>2024. Bra\u010d, Ivana; Despot, Kristina \u0160.; Belaj, Branimir: \u00a0<em>The syntax-semantics interface of verbs of (manner of) speaking<\/em>. <em>The Annual International Conference of the English Department \u2013 AICED 25<\/em>. Bucharest, Romania. <\/p>\n\n\n\n<p>2024. Despot, Kristina \u0160trkalj; Ostro\u0161ki Ani\u0107, Ana ; Gantar, Polona; Bon, Mija; Klemen, Matej; Robnik \u0160ikonja, Marko; Krek, Simon; Perak, Benedikt; \u010cibej, Jaka. Creating a Multilingual Figurative Language Dataset. <em>EURALEX XXI: Lexicography and Semantics<\/em>, Cavtat, Croatia (<a href=\"https:\/\/videolectures.net\/videos\/euralex2024_cavtat_despot_creating_dataset\">video<\/a>)<\/p>\n\n\n\n<p>2024. \u0160trkalj Despot, Kristina; Bra\u010d, Ivana; Filipi\u0107, Lobel. Metaphor enactment: (Un)veiling truth through intensified insults.&nbsp;<em>XI International Symposium on Intercultural Cognitive and Social Pragmatics<\/em>&nbsp;(EPICS XI), Sevilla, Spain.<\/p>\n\n\n\n<p>2024. Bra\u010d, Ivana; \u0160trkalj Despot, Kristina; Filipi\u0107, Lobel. Unpacking negative attitudes through the choice of a verb.&nbsp;<em>XI International Symposium on Intercultural Cognitive and Social Pragmatics<\/em>&nbsp;(EPICS XI), Sevilla, Spain.<\/p>\n\n\n\n<p><\/p>\n","protected":false},"excerpt":{"rendered":"<p>2025. Despot, Kristina \u0160.; Belaj, Branimir: Embodied Simulation and Figurative Thought in the Construction of Meaning. Mario stands for \u2026 Mentor, Metonymy, Multimodality. Osijek, Croatia. 2025. Bra\u010d, Ivana; Despot, Kristina \u0160.; Belaj, Branimir: Interaction between metaphorical shifts in verbs\u2019 meaning and their valency patterns.\u00a0The 17th International Cognitive Linguistics Conference \u2013 ICLC 17.\u00a0Buenos Aires, Argentina. 2024.<a href=\"https:\/\/metacro.jezik.hr\/en\/izlaganja-na-konferencijama\/\">[&#8230;]<\/a><\/p>\n","protected":false},"author":1,"featured_media":189,"parent":0,"menu_order":0,"comment_status":"closed","ping_status":"closed","template":"","meta":{"footnotes":""},"class_list":["post-30","page","type-page","status-publish","has-post-thumbnail","hentry"],"translation":{"provider":"WPGlobus","version":"3.0.0","language":"en","enabled_languages":["hr","en"],"languages":{"hr":{"title":true,"content":true,"excerpt":false},"en":{"title":true,"content":true,"excerpt":false}}},"_links":{"self":[{"href":"https:\/\/metacro.jezik.hr\/en\/wp-json\/wp\/v2\/pages\/30","targetHints":{"allow":["GET"]}}],"collection":[{"href":"https:\/\/metacro.jezik.hr\/en\/wp-json\/wp\/v2\/pages"}],"about":[{"href":"https:\/\/metacro.jezik.hr\/en\/wp-json\/wp\/v2\/types\/page"}],"author":[{"embeddable":true,"href":"https:\/\/metacro.jezik.hr\/en\/wp-json\/wp\/v2\/users\/1"}],"replies":[{"embeddable":true,"href":"https:\/\/metacro.jezik.hr\/en\/wp-json\/wp\/v2\/comments?post=30"}],"version-history":[{"count":34,"href":"https:\/\/metacro.jezik.hr\/en\/wp-json\/wp\/v2\/pages\/30\/revisions"}],"predecessor-version":[{"id":1320,"href":"https:\/\/metacro.jezik.hr\/en\/wp-json\/wp\/v2\/pages\/30\/revisions\/1320"}],"wp:featuredmedia":[{"embeddable":true,"href":"https:\/\/metacro.jezik.hr\/en\/wp-json\/wp\/v2\/media\/189"}],"wp:attachment":[{"href":"https:\/\/metacro.jezik.hr\/en\/wp-json\/wp\/v2\/media?parent=30"}],"curies":[{"name":"wp","href":"https:\/\/api.w.org\/{rel}","templated":true}]}}